{"id":10,"date":"2021-05-06T15:45:37","date_gmt":"2021-05-06T13:45:37","guid":{"rendered":"http:\/\/brankokleindienst.si\/?page_id=10"},"modified":"2023-02-13T11:02:40","modified_gmt":"2023-02-13T09:02:40","slug":"domov","status":"publish","type":"page","link":"https:\/\/brankokleindienst.si\/","title":{"rendered":"Domov"},"content":{"rendered":"\n<p>Pozdravljeni na va\u0161i spletni strani. To je va\u0161a doma\u010da stran, kar bo videla ve\u010dina obiskovalcev, ko prvi\u010d obi\u0161\u010dejo va\u0161o spletno stran.<\/p>\n","protected":false},"excerpt":{"rendered":"<p>Pozdravljeni na va\u0161i spletni strani. To je va\u0161a doma\u010da stran, kar bo videla ve\u010dina obiskovalcev, ko prvi\u010d obi\u0161\u010dejo va\u0161o spletno stran.<\/p>\n","protected":false},"author":2,"featured_media":0,"parent":0,"menu_order":0,"comment_status":"closed","ping_status":"closed","template":"","meta":[],"_links":{"self":[{"href":"https:\/\/brankokleindienst.si\/index.php\/wp-json\/wp\/v2\/pages\/10"}],"collection":[{"href":"https:\/\/brankokleindienst.si\/index.php\/wp-json\/wp\/v2\/pages"}],"about":[{"href":"https:\/\/brankokleindienst.si\/index.php\/wp-json\/wp\/v2\/types\/page"}],"author":[{"embeddable":true,"href":"https:\/\/brankokleindienst.si\/index.php\/wp-json\/wp\/v2\/users\/2"}],"replies":[{"embeddable":true,"href":"https:\/\/brankokleindienst.si\/index.php\/wp-json\/wp\/v2\/comments?post=10"}],"version-history":[{"count":1,"href":"https:\/\/brankokleindienst.si\/index.php\/wp-json\/wp\/v2\/pages\/10\/revisions"}],"predecessor-version":[{"id":18,"href":"https:\/\/brankokleindienst.si\/index.php\/wp-json\/wp\/v2\/pages\/10\/revisions\/18"}],"wp:attachment":[{"href":"https:\/\/brankokleindienst.si\/index.php\/wp-json\/wp\/v2\/media?parent=10"}],"curies":[{"name":"wp","href":"https:\/\/api.w.org\/{rel}","templated":true}]}}